{"id":2,"date":"2023-04-12T19:50:44","date_gmt":"2023-04-12T19:50:44","guid":{"rendered":"https:\/\/delimarlen.com\/?page_id=2"},"modified":"2023-04-13T05:27:57","modified_gmt":"2023-04-13T05:27:57","slug":"pagina-ejemplo","status":"publish","type":"page","link":"https:\/\/delimarlen.com\/index.php\/pagina-ejemplo\/","title":{"rendered":"INFORMACI\u00d3N SOBRE DELIMARLEN GOURMET"},"content":{"rendered":"\n<p>Delimarlen tiene origen en el a\u00f1o de 1999, cuando la Sra. Marlen Edith Blanco llega desde Cali &#8211; Colombia en busca de nuevas oportunidades y conocer otra cultura. Poco a poco y sin darse cuenta para la dicha de muchos fue la primera mujer en preparar las tradicionales arepas colombianas en Panam\u00e1.<\/p>\n\n\n\n<p>En aquel momento inicia su aventura sobre la calle 50, montando un fogon portatil desde el cual preparaba y vendia arepas: a peatones y conductores por igual. Sin saber, esto dio inicio y le abrio las puertas para que las diferentes personalidades de la gastronomia paname\u00f1a degustaran, conocieran el producto y le dieron la oportunidad de incluir su producto en sus cartas de men\u00fa. Esto le dio la oportunidad de ser un provedor exclusivo de productos artesanales en hoteles de la localidad.<\/p>\n\n\n\n<p>Dada su experiencia, calidad en sus productos, buen servicio, responsabilidad, manteniendo su receta original y el compromiso con sus clientes; se convirtio en una empresa legalmente constituida bajo el nombre de DELIMARLEN, S.A. en el a\u00f1o 2008.<\/p>\n\n\n\n<p>En este proceso evolutivo y de crecimiento que fue tomando la compa\u00f1ia dio pasa a ampliar su men\u00fa gastronomico para sus clientes, inicialmente eran boquitas tipicas Colombianas, y poco a poco fue introduciendo platos Paname\u00f1os e Internacionales para ser servidos en diferentes eventos y banquetes, para asi, poder satisfacer la demanda de variedad que impone el turismo en nuestro pais.<\/p>\n\n\n\n<p>Marlen Edith y su esposo con interes de brindar un mejor y amplio menu a sus clientes se convierten en el a\u00f1o 2012 en DELIMARLEN GOURMET, produciendo y distribuyendo boquitas Paname\u00f1as e Internacionales. Ya que ambos combinan su apasi\u00f3n por crear nuevos productos y personalizarlos seg\u00fan la necesidad de sus clientes.<\/p>\n\n\n\n<p><\/p>\n","protected":false},"excerpt":{"rendered":"<div class=\"entry-summary\">\nDelimarlen tiene origen en el a\u00f1o de 1999, cuando la Sra. Marlen&hellip;\n<\/div>\n<div class=\"link-more\"><a href=\"https:\/\/delimarlen.com\/index.php\/pagina-ejemplo\/\" class=\"more-link\">Continue reading<span class=\"screen-reader-text\"> &ldquo;INFORMACI\u00d3N SOBRE DELIMARLEN GOURMET&rdquo;<\/span>&hellip;<\/a><\/div>\n","protected":false},"author":1,"featured_media":0,"parent":0,"menu_order":0,"comment_status":"closed","ping_status":"open","template":"","meta":[],"_links":{"self":[{"href":"https:\/\/delimarlen.com\/index.php\/wp-json\/wp\/v2\/pages\/2"}],"collection":[{"href":"https:\/\/delimarlen.com\/index.php\/wp-json\/wp\/v2\/pages"}],"about":[{"href":"https:\/\/delimarlen.com\/index.php\/wp-json\/wp\/v2\/types\/page"}],"author":[{"embeddable":true,"href":"https:\/\/delimarlen.com\/index.php\/wp-json\/wp\/v2\/users\/1"}],"replies":[{"embeddable":true,"href":"https:\/\/delimarlen.com\/index.php\/wp-json\/wp\/v2\/comments?post=2"}],"version-history":[{"count":1,"href":"https:\/\/delimarlen.com\/index.php\/wp-json\/wp\/v2\/pages\/2\/revisions"}],"predecessor-version":[{"id":30,"href":"https:\/\/delimarlen.com\/index.php\/wp-json\/wp\/v2\/pages\/2\/revisions\/30"}],"wp:attachment":[{"href":"https:\/\/delimarlen.com\/index.php\/wp-json\/wp\/v2\/media?parent=2"}],"curies":[{"name":"wp","href":"https:\/\/api.w.org\/{rel}","templated":true}]}}